{"id":1319,"date":"2020-01-15T09:12:28","date_gmt":"2020-01-15T09:12:28","guid":{"rendered":"http:\/\/invseguridad.cobo-reyes.com\/inv-group-in-figures\/"},"modified":"2020-03-17T18:35:22","modified_gmt":"2020-03-17T18:35:22","slug":"inv-group-in-figures","status":"publish","type":"page","link":"https:\/\/invseguridad.com\/en\/inv-group-in-figures\/","title":{"rendered":"INV Group in figures"},"content":{"rendered":"<p>[et_pb_section fb_built=&#8221;1&#8243; _builder_version=&#8221;4.0.7&#8243; background_color=&#8221;#171629&#8243; background_color_gradient_direction=&#8221;276deg&#8221; background_image=&#8221;https:\/\/invseguridad.com\/\/wp-content\/uploads\/2019\/12\/fondo_finanzas_5.jpg&#8221; parallax=&#8221;on&#8221; min_height=&#8221;507px&#8221; custom_padding=&#8221;76px||58px|||&#8221; bottom_divider_style=&#8221;curve2&#8243; bottom_divider_color=&#8221;#171629&#8243; bottom_divider_height=&#8221;50px&#8221;][et_pb_row column_structure=&#8221;1_2,1_2&#8243; _builder_version=&#8221;4.0.7&#8243; width=&#8221;90%&#8221; max_width=&#8221;2423px&#8221;][et_pb_column type=&#8221;1_2&#8243; _builder_version=&#8221;4.0.7&#8243;][et_pb_text _builder_version=&#8221;4.0.7&#8243; text_orientation=&#8221;center&#8221; custom_padding=&#8221;0px|||||&#8221;]<\/p>\n<h1 class=\"vc_custom_heading\" style=\"text-align: center;\"><span style=\"color: #cd4903;\">We take hold with security<\/span><\/h1>\n<p><span style=\"color: #597275;\">GRUPO INV asegura su posici\u00f3n en el sector de la seguridad privada en Espa\u00f1a, a la vez que fortalece su plan de expansi\u00f3n nacional e internacional, gracias al <span style=\"color: #93b9bf;\"><strong>acuerdo de financiaci\u00f3n sindicada por importe de 45 millones de euros<\/strong><\/span> suscrito el pasado 30 de septiembre.<span class=\"Apple-converted-space\">\u00a0 <\/span>Esta operaci\u00f3n tiene un tramo de financiaci\u00f3n bancaria (30 millones de euros), liderado por BANCO SANTANDER, y en la que participan adem\u00e1s las entidades<span class=\"Apple-converted-space\">\u00a0 <\/span>BBVA, BANKIA, CAIXA BANK, BANCO SABADELL<span class=\"Apple-converted-space\">\u00a0 <\/span>y DEUTSCHE BANK, y, por otro lado, un tramo de financiaci\u00f3n otorgado por el fondo ALANTRA PRIVATE DEBT (15 millones de euros). <\/span><span class=\"Apple-converted-space\">\u00a0<\/span>[\/et_pb_text][\/et_pb_column][et_pb_column type=&#8221;1_2&#8243; _builder_version=&#8221;4.0.7&#8243;][\/et_pb_column][\/et_pb_row][\/et_pb_section][et_pb_section fb_built=&#8221;1&#8243; _builder_version=&#8221;4.0.7&#8243; background_color=&#8221;#171629&#8243; background_image=&#8221;https:\/\/invseguridad.com\/\/wp-content\/uploads\/2019\/12\/grafico_fondo2.jpg&#8221; custom_padding=&#8221;57px||0px|||&#8221; filter_saturate=&#8221;85%&#8221;][et_pb_row _builder_version=&#8221;4.0.7&#8243; custom_padding=&#8221;||3px|||&#8221;][et_pb_column type=&#8221;4_4&#8243; _builder_version=&#8221;4.0.7&#8243;][et_pb_text _builder_version=&#8221;4.0.7&#8243; text_orientation=&#8221;center&#8221; custom_padding=&#8221;0px||0px|||&#8221;]<\/p>\n<h1 class=\"vc_custom_heading\" style=\"text-align: center;\"><span style=\"color: #cd4903;\">Grupo INV in figures<\/span><\/h1>\n<h2 class=\"vc_custom_heading\" style=\"text-align: center;\"><span style=\"color: #cd4903; font-size: x-large;\"><span style=\"font-size: large;\">We are driven by success year after year.<\/span>\u00a0<\/span><\/h2>\n<p>[\/et_pb_text][\/et_pb_column][\/et_pb_row][et_pb_row _builder_version=&#8221;4.0.7&#8243; max_width=&#8221;2332px&#8221; custom_padding=&#8221;22px|||||&#8221;][et_pb_column type=&#8221;4_4&#8243; _builder_version=&#8221;4.0.7&#8243;][et_pb_text _builder_version=&#8221;4.0.7&#8243; text_text_color=&#8221;#597275&#8243; text_font_size=&#8221;33px&#8221;]<\/p>\n<p style=\"text-align: center;\">Sales 2019<\/p>\n<p>[\/et_pb_text][et_pb_counters bar_bg_color=&#8221;#171629&#8243; use_percentages=&#8221;off&#8221; _builder_version=&#8221;4.0.7&#8243; title_text_align=&#8221;right&#8221; background_layout=&#8221;dark&#8221; width=&#8221;100%&#8221; custom_margin=&#8221;36px|||||&#8221; animation_style=&#8221;fade&#8221; animation_duration=&#8221;1200ms&#8221; hover_enabled=&#8221;0&#8243;][et_pb_counter percent=&#8221;70&#8243; bar_background_color=&#8221;#cd4903&#8243; _builder_version=&#8221;4.0.7&#8243; title_text_align=&#8221;left&#8221; title_text_color=&#8221;#cd4903&#8243; title_font_size=&#8221;18px&#8221; title_line_height=&#8221;2.4em&#8221; background_color=&#8221;#171629&#8243; background_enable_color=&#8221;on&#8221; width=&#8221;80%&#8221; background_color_default=&#8221;#dddddd&#8221; background_enable_color_default=&#8221;on&#8221; parallax_default=&#8221;off&#8221; parallax_method_default=&#8221;on&#8221; bar_background_color_default=&#8221;#171629&#8243; use_percentages=&#8221;off&#8221; allow_player_pause_default=&#8221;off&#8221;]Security systems: 70 millions \u20ac[\/et_pb_counter][et_pb_counter percent=&#8221;55&#8243; bar_background_color=&#8221;#ffffff&#8221; _builder_version=&#8221;4.0.7&#8243; title_text_align=&#8221;left&#8221; title_font_size=&#8221;18px&#8221; title_line_height=&#8221;2.4em&#8221; background_color=&#8221;#171629&#8243; background_enable_color=&#8221;on&#8221; width=&#8221;80%&#8221; hover_enabled=&#8221;0&#8243; background_color_default=&#8221;#dddddd&#8221; background_enable_color_default=&#8221;on&#8221; parallax_default=&#8221;off&#8221; parallax_method_default=&#8221;on&#8221; bar_background_color_default=&#8221;#171629&#8243; use_percentages=&#8221;off&#8221; allow_player_pause_default=&#8221;off&#8221;]<\/p>\n<p>Surveillance services: 55 millions \u20ac<\/p>\n<p>[\/et_pb_counter][et_pb_counter percent=&#8221;15&#8243; bar_background_color=&#8221;#93b9bf&#8221; _builder_version=&#8221;4.0.7&#8243; title_text_align=&#8221;left&#8221; title_text_color=&#8221;#93b9bf&#8221; title_font_size=&#8221;18px&#8221; title_line_height=&#8221;2.4em&#8221; background_color=&#8221;#171629&#8243; background_enable_color=&#8221;on&#8221; width=&#8221;80%&#8221; hover_enabled=&#8221;0&#8243; background_color_default=&#8221;#dddddd&#8221; background_enable_color_default=&#8221;on&#8221; parallax_default=&#8221;off&#8221; parallax_method_default=&#8221;on&#8221; bar_background_color_default=&#8221;#171629&#8243; use_percentages=&#8221;off&#8221; allow_player_pause_default=&#8221;off&#8221;]<\/p>\n<p>Auxiliaries and complementary: 15 millions \u20ac<\/p>\n<p>[\/et_pb_counter][et_pb_counter percent=&#8221;10&#8243; bar_background_color=&#8221;#d6be48&#8243; _builder_version=&#8221;4.0.7&#8243; title_text_align=&#8221;left&#8221; title_text_color=&#8221;#d6be48&#8243; title_font_size=&#8221;18px&#8221; title_line_height=&#8221;2.4em&#8221; background_color=&#8221;#171629&#8243; background_enable_color=&#8221;on&#8221; width=&#8221;80%&#8221; background_color_default=&#8221;#dddddd&#8221; background_enable_color_default=&#8221;on&#8221; parallax_default=&#8221;off&#8221; parallax_method_default=&#8221;on&#8221; bar_background_color_default=&#8221;#171629&#8243; use_percentages=&#8221;off&#8221; allow_player_pause_default=&#8221;off&#8221;]Passive Security: 10 millions \u20ac[\/et_pb_counter][et_pb_counter percent=&#8221;100&#8243; bar_background_color=&#8221;#f43029&#8243; _builder_version=&#8221;4.0.7&#8243; title_text_align=&#8221;left&#8221; title_text_color=&#8221;#f43029&#8243; title_font_size=&#8221;18px&#8221; title_line_height=&#8221;2.4em&#8221; custom_margin=&#8221;40px||||false|false&#8221; background_color_default=&#8221;#dddddd&#8221; background_enable_color_default=&#8221;on&#8221; parallax_default=&#8221;off&#8221; parallax_method_default=&#8221;on&#8221; bar_background_color_default=&#8221;#171629&#8243; use_percentages=&#8221;off&#8221; allow_player_pause_default=&#8221;off&#8221;]Total billed: 150 millions \u20ac[\/et_pb_counter][et_pb_counter percent=&#8221;16&#8243; bar_background_color=&#8221;#17ed9e&#8221; _builder_version=&#8221;4.0.7&#8243; title_text_align=&#8221;left&#8221; title_text_color=&#8221;#17ed9e&#8221; title_font_size=&#8221;18px&#8221; title_line_height=&#8221;2.4em&#8221; background_color=&#8221;#171629&#8243; background_enable_color=&#8221;on&#8221; background_color_default=&#8221;#dddddd&#8221; background_enable_color_default=&#8221;on&#8221; parallax_default=&#8221;off&#8221; parallax_method_default=&#8221;on&#8221; bar_background_color_default=&#8221;#171629&#8243; use_percentages=&#8221;off&#8221; allow_player_pause_default=&#8221;off&#8221;]EBITDA: 15 millions \u20ac[\/et_pb_counter][\/et_pb_counters][\/et_pb_column][\/et_pb_row][et_pb_row _builder_version=&#8221;4.0.7&#8243; custom_margin=&#8221;||-1px|auto|false|false&#8221; custom_padding=&#8221;||2px|||&#8221;][et_pb_column type=&#8221;4_4&#8243; _builder_version=&#8221;4.0.7&#8243;][et_pb_text _builder_version=&#8221;4.0.7&#8243; text_orientation=&#8221;center&#8221; custom_padding=&#8221;2px||0px|||&#8221;]<\/p>\n<h2 class=\"vc_custom_heading\" style=\"text-align: center;\"><span style=\"color: #cd4903; font-size: large;\">Number of workers December 2019\u00a0<\/span><\/h2>\n<p>&nbsp;[\/et_pb_text][et_pb_number_counter number=&#8221;3,600&#8243; percent_sign=&#8221;off&#8221; _builder_version=&#8221;4.0.7&#8243; number_text_color=&#8221;#cd4903&#8243; number_font_size=&#8221;61px&#8221; number_letter_spacing=&#8221;5px&#8221; custom_margin=&#8221;-22px|||||&#8221; custom_padding=&#8221;0px|||||&#8221;][\/et_pb_number_counter][et_pb_text _builder_version=&#8221;4.0.7&#8243; text_orientation=&#8221;center&#8221; custom_padding=&#8221;2px|||||&#8221;]<\/p>\n<h2 class=\"vc_custom_heading\" style=\"text-align: center;\"><span style=\"color: #cd4903;\"><span style=\"color: #597275;\">Forecast 2020<\/span>\u00a0<\/span><\/h2>\n<p style=\"text-align: left;\">\n<p><span style=\"color: #597275;\">Nos adentramos en 2020 llenos de optimismo. Confiamos en que continuaremos teniendo un crecimiento org\u00e1nico importante. Cada d\u00eda aumenta nuestra cartera con nuevos clientes a la par que se aumentan los servicios contratados por los ya existentes. El volumen de pedidos cerrados a lo largo de 2019 y nuestra amplia cartera nos aporta esta tranquilidad.<\/span><\/p>\n<p><span style=\"color: #597275;\">La cuenta de resultados y las posibilidades de financiaci\u00f3n que se nos abren, nos permitir\u00e1n continuar con nuestra pol\u00edtica activa de adquisiciones de empresas con servicios reconocidos y apreciados en distintos nichos sectoriales o geogr\u00e1ficos.<\/span> <span style=\"color: #93b9bf;\"><strong>Creemos que 2020 nos permitir\u00e1, por cifra de negocio y por cuenta de resultados, consolidarnos como una de las primeras compa\u00f1\u00edas del sector de Seguridad en Espa\u00f1a.<\/strong><\/span>[\/et_pb_text][\/et_pb_column][\/et_pb_row][\/et_pb_section][et_pb_section fb_built=&#8221;1&#8243; _builder_version=&#8221;4.0.7&#8243; background_color=&#8221;#171629&#8243; custom_padding=&#8221;36px||1px|||&#8221;][et_pb_row _builder_version=&#8221;4.0.7&#8243; custom_margin=&#8221;|auto||auto|false|false&#8221;][et_pb_column type=&#8221;4_4&#8243; _builder_version=&#8221;4.0.7&#8243;][et_pb_text _builder_version=&#8221;4.0.7&#8243; text_orientation=&#8221;center&#8221; custom_padding=&#8221;2px|||||&#8221;]<\/p>\n<h1 class=\"vc_custom_heading\" style=\"text-align: center;\"><span style=\"color: #cd4903;\">International Expantion<\/span><\/h1>\n<p><span style=\"color: #597275;\">Internationally, <span style=\"color: #93b9bf;\"><strong>GRUPO INV has devised a major investment plan to strengthen its internationalisation.<\/strong><\/span><\/span><\/p>\n<p><span style=\"color: #597275;\">In the case of Mexico, our office opened in 2011, and we are already a leading name for large projects, <span style=\"color: #93b9bf;\"><strong>and the forecasts for Mexico are at the level of those of Spain.<\/strong><\/span><\/span><\/p>\n<p><span style=\"color: #597275;\">The office in Peru began operating in early 2015 and operations began in Colombia in 2017 through the acquisition of a local company. We hope to be fully established in the coming years and become a benchmark within the sector in these countries, based on the model used in Mexico, which has given us excellent results so far.<\/span>[\/et_pb_text][\/et_pb_column][\/et_pb_row][\/et_pb_section][et_pb_section fb_built=&#8221;1&#8243; fullwidth=&#8221;on&#8221; _builder_version=&#8221;4.0.7&#8243; background_color=&#8221;#171629&#8243; custom_margin=&#8221;38px|||||&#8221; custom_padding=&#8221;0px|||||&#8221;][et_pb_fullwidth_code _builder_version=&#8221;4.0.7&#8243; min_height=&#8221;438px&#8221; custom_padding=&#8221;0px|||||&#8221;]<iframe loading=\"lazy\" src=\"https:\/\/www.google.com\/maps\/d\/embed?mid=1t2dKoJ1xzh1FtQC38gzTXyocfEe70hSf\" width=\"100%\" height=\"400\"><\/iframe>[\/et_pb_fullwidth_code][\/et_pb_section]<\/p>\n","protected":false},"excerpt":{"rendered":"<p>We take hold with security GRUPO INV asegura su posici\u00f3n en el sector de la seguridad privada en Espa\u00f1a, a la vez que fortalece su plan de expansi\u00f3n nacional e internacional, gracias al acuerdo de financiaci\u00f3n sindicada por importe de 45 millones de euros suscrito el pasado 30 de septiembre.\u00a0 Esta operaci\u00f3n tiene un tramo [&hellip;]<\/p>\n","protected":false},"author":6,"featured_media":0,"parent":0,"menu_order":0,"comment_status":"closed","ping_status":"closed","template":"","meta":{"_et_pb_use_builder":"on","_et_pb_old_content":"","_et_gb_content_width":"","footnotes":""},"yoast_head":"<!-- This site is optimized with the Yoast SEO plugin v20.13 - https:\/\/yoast.com\/wordpress\/plugins\/seo\/ -->\n<title>In GRUPO INV we keep growing to offer you the best service<\/title>\n<meta name=\"description\" content=\"We are one of the most important references in the sector and one of the few companies that is capable of undertaking any type of project with solvency.\" \/>\n<meta name=\"robots\" content=\"index, follow, max-snippet:-1, max-image-preview:large, max-video-preview:-1\" \/>\n<link rel=\"canonical\" href=\"https:\/\/invseguridad.com\/en\/inv-group-in-figures\/\" \/>\n<meta property=\"og:locale\" content=\"en_US\" \/>\n<meta property=\"og:type\" content=\"article\" \/>\n<meta property=\"og:title\" content=\"In GRUPO INV we keep growing to offer you the best service\" \/>\n<meta property=\"og:description\" content=\"We are one of the most important references in the sector and one of the few companies that is capable of undertaking any type of project with solvency.\" \/>\n<meta property=\"og:url\" content=\"https:\/\/invseguridad.com\/en\/inv-group-in-figures\/\" \/>\n<meta property=\"og:site_name\" content=\"Grupo INV\" \/>\n<meta property=\"article:modified_time\" content=\"2020-03-17T18:35:22+00:00\" \/>\n<meta name=\"twitter:card\" content=\"summary_large_image\" \/>\n<meta name=\"twitter:label1\" content=\"Est. reading time\" \/>\n\t<meta name=\"twitter:data1\" content=\"6 minutes\" \/>\n<script type=\"application\/ld+json\" class=\"yoast-schema-graph\">{\"@context\":\"https:\/\/schema.org\",\"@graph\":[{\"@type\":\"WebPage\",\"@id\":\"https:\/\/invseguridad.com\/en\/inv-group-in-figures\/\",\"url\":\"https:\/\/invseguridad.com\/en\/inv-group-in-figures\/\",\"name\":\"In GRUPO INV we keep growing to offer you the best service\",\"isPartOf\":{\"@id\":\"https:\/\/invseguridad.com\/#website\"},\"datePublished\":\"2020-01-15T09:12:28+00:00\",\"dateModified\":\"2020-03-17T18:35:22+00:00\",\"description\":\"We are one of the most important references in the sector and one of the few companies that is capable of undertaking any type of project with solvency.\",\"breadcrumb\":{\"@id\":\"https:\/\/invseguridad.com\/en\/inv-group-in-figures\/#breadcrumb\"},\"inLanguage\":\"en-US\",\"potentialAction\":[{\"@type\":\"ReadAction\",\"target\":[\"https:\/\/invseguridad.com\/en\/inv-group-in-figures\/\"]}]},{\"@type\":\"BreadcrumbList\",\"@id\":\"https:\/\/invseguridad.com\/en\/inv-group-in-figures\/#breadcrumb\",\"itemListElement\":[{\"@type\":\"ListItem\",\"position\":1,\"name\":\"Portada\",\"item\":\"https:\/\/invseguridad.com\/en\/\"},{\"@type\":\"ListItem\",\"position\":2,\"name\":\"INV Group in figures\"}]},{\"@type\":\"WebSite\",\"@id\":\"https:\/\/invseguridad.com\/#website\",\"url\":\"https:\/\/invseguridad.com\/\",\"name\":\"Grupo INV\",\"description\":\"Soluciones integrales de seguridad\",\"publisher\":{\"@id\":\"https:\/\/invseguridad.com\/#organization\"},\"potentialAction\":[{\"@type\":\"SearchAction\",\"target\":{\"@type\":\"EntryPoint\",\"urlTemplate\":\"https:\/\/invseguridad.com\/?s={search_term_string}\"},\"query-input\":\"required name=search_term_string\"}],\"inLanguage\":\"en-US\"},{\"@type\":\"Organization\",\"@id\":\"https:\/\/invseguridad.com\/#organization\",\"name\":\"INV Seguridad\",\"url\":\"https:\/\/invseguridad.com\/\",\"logo\":{\"@type\":\"ImageObject\",\"inLanguage\":\"en-US\",\"@id\":\"https:\/\/invseguridad.com\/#\/schema\/logo\/image\/\",\"url\":\"https:\/\/invseguridad.com\/wp-content\/uploads\/2019\/12\/logo_grupo_inv_2.png\",\"contentUrl\":\"https:\/\/invseguridad.com\/wp-content\/uploads\/2019\/12\/logo_grupo_inv_2.png\",\"width\":1339,\"height\":270,\"caption\":\"INV Seguridad\"},\"image\":{\"@id\":\"https:\/\/invseguridad.com\/#\/schema\/logo\/image\/\"}}]}<\/script>\n<!-- \/ Yoast SEO plugin. -->","yoast_head_json":{"title":"In GRUPO INV we keep growing to offer you the best service","description":"We are one of the most important references in the sector and one of the few companies that is capable of undertaking any type of project with solvency.","robots":{"index":"index","follow":"follow","max-snippet":"max-snippet:-1","max-image-preview":"max-image-preview:large","max-video-preview":"max-video-preview:-1"},"canonical":"https:\/\/invseguridad.com\/en\/inv-group-in-figures\/","og_locale":"en_US","og_type":"article","og_title":"In GRUPO INV we keep growing to offer you the best service","og_description":"We are one of the most important references in the sector and one of the few companies that is capable of undertaking any type of project with solvency.","og_url":"https:\/\/invseguridad.com\/en\/inv-group-in-figures\/","og_site_name":"Grupo INV","article_modified_time":"2020-03-17T18:35:22+00:00","twitter_card":"summary_large_image","twitter_misc":{"Est. reading time":"6 minutes"},"schema":{"@context":"https:\/\/schema.org","@graph":[{"@type":"WebPage","@id":"https:\/\/invseguridad.com\/en\/inv-group-in-figures\/","url":"https:\/\/invseguridad.com\/en\/inv-group-in-figures\/","name":"In GRUPO INV we keep growing to offer you the best service","isPartOf":{"@id":"https:\/\/invseguridad.com\/#website"},"datePublished":"2020-01-15T09:12:28+00:00","dateModified":"2020-03-17T18:35:22+00:00","description":"We are one of the most important references in the sector and one of the few companies that is capable of undertaking any type of project with solvency.","breadcrumb":{"@id":"https:\/\/invseguridad.com\/en\/inv-group-in-figures\/#breadcrumb"},"inLanguage":"en-US","potentialAction":[{"@type":"ReadAction","target":["https:\/\/invseguridad.com\/en\/inv-group-in-figures\/"]}]},{"@type":"BreadcrumbList","@id":"https:\/\/invseguridad.com\/en\/inv-group-in-figures\/#breadcrumb","itemListElement":[{"@type":"ListItem","position":1,"name":"Portada","item":"https:\/\/invseguridad.com\/en\/"},{"@type":"ListItem","position":2,"name":"INV Group in figures"}]},{"@type":"WebSite","@id":"https:\/\/invseguridad.com\/#website","url":"https:\/\/invseguridad.com\/","name":"Grupo INV","description":"Soluciones integrales de seguridad","publisher":{"@id":"https:\/\/invseguridad.com\/#organization"},"potentialAction":[{"@type":"SearchAction","target":{"@type":"EntryPoint","urlTemplate":"https:\/\/invseguridad.com\/?s={search_term_string}"},"query-input":"required name=search_term_string"}],"inLanguage":"en-US"},{"@type":"Organization","@id":"https:\/\/invseguridad.com\/#organization","name":"INV Seguridad","url":"https:\/\/invseguridad.com\/","logo":{"@type":"ImageObject","inLanguage":"en-US","@id":"https:\/\/invseguridad.com\/#\/schema\/logo\/image\/","url":"https:\/\/invseguridad.com\/wp-content\/uploads\/2019\/12\/logo_grupo_inv_2.png","contentUrl":"https:\/\/invseguridad.com\/wp-content\/uploads\/2019\/12\/logo_grupo_inv_2.png","width":1339,"height":270,"caption":"INV Seguridad"},"image":{"@id":"https:\/\/invseguridad.com\/#\/schema\/logo\/image\/"}}]}},"_links":{"self":[{"href":"https:\/\/invseguridad.com\/en\/wp-json\/wp\/v2\/pages\/1319"}],"collection":[{"href":"https:\/\/invseguridad.com\/en\/wp-json\/wp\/v2\/pages"}],"about":[{"href":"https:\/\/invseguridad.com\/en\/wp-json\/wp\/v2\/types\/page"}],"author":[{"embeddable":true,"href":"https:\/\/invseguridad.com\/en\/wp-json\/wp\/v2\/users\/6"}],"replies":[{"embeddable":true,"href":"https:\/\/invseguridad.com\/en\/wp-json\/wp\/v2\/comments?post=1319"}],"version-history":[{"count":8,"href":"https:\/\/invseguridad.com\/en\/wp-json\/wp\/v2\/pages\/1319\/revisions"}],"predecessor-version":[{"id":1663,"href":"https:\/\/invseguridad.com\/en\/wp-json\/wp\/v2\/pages\/1319\/revisions\/1663"}],"wp:attachment":[{"href":"https:\/\/invseguridad.com\/en\/wp-json\/wp\/v2\/media?parent=1319"}],"curies":[{"name":"wp","href":"https:\/\/api.w.org\/{rel}","templated":true}]}}